{"id":6,"date":"2020-09-19T14:31:49","date_gmt":"2020-09-19T14:31:49","guid":{"rendered":"http:\/\/zboiska.pl\/?page_id=6"},"modified":"2025-07-22T12:06:42","modified_gmt":"2025-07-22T12:06:42","slug":"strona-glowna","status":"publish","type":"page","link":"https:\/\/zboiska.pl\/","title":{"rendered":"Strona g\u0142\u00f3wna"},"content":{"rendered":"\t\t<div data-elementor-type=\"wp-page\" data-elementor-id=\"6\" class=\"elementor elementor-6\">\n\t\t\t\t\t\t<section class=\"elementor-section elementor-top-section elementor-element elementor-element-d717fe3 elementor-section-boxed elementor-section-height-default elementor-section-height-default\" data-id=\"d717fe3\" data-element_type=\"section\" data-e-type=\"section\">\n\t\t\t\t\t\t<div class=\"elementor-container elementor-column-gap-default\">\n\t\t\t\t\t<div class=\"elementor-column elementor-col-100 elementor-top-column elementor-element elementor-element-b6cda0e\" data-id=\"b6cda0e\" data-element_type=\"column\" data-e-type=\"column\">\n\t\t\t<div class=\"elementor-widget-wrap elementor-element-populated\">\n\t\t\t\t\t\t<div class=\"elementor-element elementor-element-11b7dee elementor-widget elementor-widget-text-editor\" data-id=\"11b7dee\" data-element_type=\"widget\" data-e-type=\"widget\" data-widget_type=\"text-editor.default\">\n\t\t\t\t<div class=\"elementor-widget-container\">\n\t\t\t\t\t\t\t\t\t<div style=\"text-align: center;\"><strong>Caritas Archidiecezji Przemyskiej zaprasza\u00a0<\/strong><\/div><div style=\"text-align: center;\"><strong>Nr konta O\u015brodka w Zboiskach: <span style=\"color: #00ccff;\">77 1600 1332 1847 4932 3000 0006<\/span><\/strong><\/div>\t\t\t\t\t\t\t\t<\/div>\n\t\t\t\t<\/div>\n\t\t\t\t\t<\/div>\n\t\t<\/div>\n\t\t\t\t\t<\/div>\n\t\t<\/section>\n\t\t\t\t<section class=\"elementor-section elementor-top-section elementor-element elementor-element-8eeb907 elementor-section-boxed elementor-section-height-default elementor-section-height-default\" data-id=\"8eeb907\" data-element_type=\"section\" data-e-type=\"section\">\n\t\t\t\t\t\t<div class=\"elementor-container elementor-column-gap-default\">\n\t\t\t\t\t<div class=\"elementor-column elementor-col-50 elementor-top-column elementor-element elementor-element-1140c42\" data-id=\"1140c42\" data-element_type=\"column\" data-e-type=\"column\">\n\t\t\t<div class=\"elementor-widget-wrap elementor-element-populated\">\n\t\t\t\t\t\t<div class=\"elementor-element elementor-element-1db75b3 elementor-widget elementor-widget-html\" data-id=\"1db75b3\" data-element_type=\"widget\" data-e-type=\"widget\" data-widget_type=\"html.default\">\n\t\t\t\t<div class=\"elementor-widget-container\">\n\t\t\t\t\t<!-- weather widget start --><div id=\"m-booked-prime-days-62922\"> <div class=\"weather-customize widget-type-prime-days\">  <div class=\"booked-prime-days-in\"> <div class=\"booked-prime-days-data\"> <div class=\"booked-pd-today\"> <div class=\"booked-pd-today-img wrz-18 \"><\/div> <div class=\"booked-pd-today-temperature\"> <div class=\"booked-wzs-pd-val\"> <div class=\"booked-wzs-pd-number\"><span class=\"plus\">+<\/span>16<\/div> <div class=\"booked-wzs-pd-dergee\"> <div class=\"booked-wzs-pd-dergee-val\">&deg;<\/div> <div class=\"booked-wzs-pd-dergee-name\">C<\/div> <\/div> <\/div> <\/div> <div class=\"booked-pd-today-extreme\"> <div class=\"booked-pd booked-pd-h\"><span>Max.:<\/span><span class=\"plus\">+<\/span>17<\/div> <div class=\"booked-pd booked-pd-l\"><span>Min.:<\/span><span class=\"plus\">+<\/span>7<\/div> <\/div> <\/div> <div class=\"booked-pd-ndays\">  <div class=\"booked-pd-nitem\"> <div class=\"booked-pd-nidi wrz-sml wrzs-03\"><\/div> <div class=\"booked-pd-nidw\">Czw<\/div> <\/div>  <div class=\"booked-pd-nitem\"> <div class=\"booked-pd-nidi wrz-sml wrzs-03\"><\/div> <div class=\"booked-pd-nidw\">Pt<\/div> <\/div>  <div class=\"booked-pd-nitem\"> <div class=\"booked-pd-nidi wrz-sml wrzs-18\"><\/div> <div class=\"booked-pd-nidw\">So<\/div> <\/div>  <div class=\"booked-pd-nitem\"> <div class=\"booked-pd-nidi wrz-sml wrzs-18\"><\/div> <div class=\"booked-pd-nidw\">Nie<\/div> <\/div> <\/div> <\/div> <\/div> <\/div> <\/div><script type=\"text\/javascript\"> var css_file=document.createElement(\"link\"); var widgetUrl = location.href; css_file.setAttribute(\"rel\",\"stylesheet\"); css_file.setAttribute(\"type\",\"text\/css\"); css_file.setAttribute(\"href\",'https:\/\/s.bookcdn.com\/css\/w\/booked-wzs-widget-prime-days.css?v=0.0.1'); document.getElementsByTagName(\"head\")[0].appendChild(css_file); function setWidgetData_62922(data) { if(typeof(data) != 'undefined' && data.results.length > 0) { for(var i = 0; i < data.results.length; ++i) { var objMainBlock = document.getElementById('m-booked-prime-days-62922'); if(objMainBlock !== null) { var copyBlock = document.getElementById('m-bookew-weather-copy-'+data.results[i].widget_type); objMainBlock.innerHTML = data.results[i].html_code; if(copyBlock !== null) objMainBlock.appendChild(copyBlock); } } } else { alert('data=undefined||data.results is empty'); } } var widgetSrc = \"https:\/\/widgets.booked.net\/weather\/info?action=get_weather_info;ver=7;cityID=668602;type=6;scode=65164;ltid=3458;domid=594;anc_id=82990;countday=undefined;cmetric=1;wlangID=18;color=137AE9;wwidth=160;header_color=ffffff;text_color=333333;link_color=08488D;border_form=1;footer_color=ffffff;footer_text_color=333333;transparent=0;v=0.0.1\";widgetSrc += ';ref=' + widgetUrl;widgetSrc += ';rand_id=62922';var weatherBookedScript = document.createElement(\"script\"); weatherBookedScript.setAttribute(\"type\", \"text\/javascript\"); weatherBookedScript.src = widgetSrc; document.body.appendChild(weatherBookedScript) <\/script><!-- weather widget end -->\t\t\t\t<\/div>\n\t\t\t\t<\/div>\n\t\t\t\t<div class=\"elementor-element elementor-element-db93741 elementor-widget elementor-widget-text-editor\" data-id=\"db93741\" data-element_type=\"widget\" data-e-type=\"widget\" data-widget_type=\"text-editor.default\">\n\t\t\t\t<div class=\"elementor-widget-container\">\n\t\t\t\t\t\t\t\t\t<p style=\"text-align: center;\"><strong>ZAPRASZAMY DO ZBOISK<\/strong><\/p>\t\t\t\t\t\t\t\t<\/div>\n\t\t\t\t<\/div>\n\t\t\t\t<div class=\"elementor-element elementor-element-483c554 elementor-drop-cap-yes elementor-drop-cap-view-default elementor-widget elementor-widget-text-editor\" data-id=\"483c554\" data-element_type=\"widget\" data-e-type=\"widget\" data-settings=\"{&quot;drop_cap&quot;:&quot;yes&quot;}\" data-widget_type=\"text-editor.default\">\n\t\t\t\t<div class=\"elementor-widget-container\">\n\t\t\t\t\t\t\t\t\t<p>Domowa atmosfera, \u017cyczliwa obs\u0142ug, wygodne pokoje z widokiem na przyrod\u0119 umo\u017cliwiaj\u0105 komfortowy wypoczynek o ka\u017cdej porze roku. Dla naszych Go\u015bci stworzyli\u015bmy dogodne warunki tak, aby mogli oderwa\u0107 si\u0119 od codziennych obowi\u0105zk\u00f3w i zebra\u0107 si\u0142y do dalszych dzia\u0142a\u0144.<\/p><p>Oferujemy ponad 80 miejsc noclegowych w spokojnym zak\u0105tku Zboisk.<\/p>\t\t\t\t\t\t\t\t<\/div>\n\t\t\t\t<\/div>\n\t\t\t\t\t<\/div>\n\t\t<\/div>\n\t\t\t\t<div class=\"elementor-column elementor-col-50 elementor-top-column elementor-element elementor-element-8af41c1\" data-id=\"8af41c1\" data-element_type=\"column\" data-e-type=\"column\">\n\t\t\t<div class=\"elementor-widget-wrap elementor-element-populated\">\n\t\t\t\t\t\t<div class=\"elementor-element elementor-element-666b1fc elementor-widget elementor-widget-video\" data-id=\"666b1fc\" data-element_type=\"widget\" data-e-type=\"widget\" data-settings=\"{&quot;youtube_url&quot;:&quot;https:\\\/\\\/youtu.be\\\/q6KQGsTBub4&quot;,&quot;video_type&quot;:&quot;youtube&quot;,&quot;controls&quot;:&quot;yes&quot;}\" data-widget_type=\"video.default\">\n\t\t\t\t<div class=\"elementor-widget-container\">\n\t\t\t\t\t\t\t<div class=\"elementor-wrapper elementor-open-inline\">\n\t\t\t<div class=\"elementor-video\"><\/div>\t\t<\/div>\n\t\t\t\t\t\t<\/div>\n\t\t\t\t<\/div>\n\t\t\t\t\t<\/div>\n\t\t<\/div>\n\t\t\t\t\t<\/div>\n\t\t<\/section>\n\t\t\t\t<section class=\"elementor-section elementor-top-section elementor-element elementor-element-8d890ce elementor-section-boxed elementor-section-height-default elementor-section-height-default\" data-id=\"8d890ce\" data-element_type=\"section\" data-e-type=\"section\">\n\t\t\t\t\t\t<div class=\"elementor-container elementor-column-gap-default\">\n\t\t\t\t\t<div class=\"elementor-column elementor-col-50 elementor-top-column elementor-element elementor-element-1108c41\" data-id=\"1108c41\" data-element_type=\"column\" data-e-type=\"column\">\n\t\t\t<div class=\"elementor-widget-wrap elementor-element-populated\">\n\t\t\t\t\t\t<div class=\"elementor-element elementor-element-9f2de7c elementor-widget elementor-widget-image\" data-id=\"9f2de7c\" data-element_type=\"widget\" data-e-type=\"widget\" data-widget_type=\"image.default\">\n\t\t\t\t<div class=\"elementor-widget-container\">\n\t\t\t\t\t\t\t\t\t\t\t\t\t\t\t<img fetchpriority=\"high\" decoding=\"async\" width=\"750\" height=\"563\" src=\"https:\/\/zboiska.pl\/wp-content\/uploads\/2020\/10\/zboiska_outl_04.jpg\" class=\"attachment-large size-large wp-image-73\" alt=\"\" srcset=\"https:\/\/zboiska.pl\/wp-content\/uploads\/2020\/10\/zboiska_outl_04.jpg 1024w, https:\/\/zboiska.pl\/wp-content\/uploads\/2020\/10\/zboiska_outl_04-300x225.jpg 300w, https:\/\/zboiska.pl\/wp-content\/uploads\/2020\/10\/zboiska_outl_04-768x576.jpg 768w, https:\/\/zboiska.pl\/wp-content\/uploads\/2020\/10\/zboiska_outl_04-500x375.jpg 500w, https:\/\/zboiska.pl\/wp-content\/uploads\/2020\/10\/zboiska_outl_04-800x600.jpg 800w\" sizes=\"(max-width: 750px) 100vw, 750px\" \/>\t\t\t\t\t\t\t\t\t\t\t\t\t\t\t<\/div>\n\t\t\t\t<\/div>\n\t\t\t\t\t<\/div>\n\t\t<\/div>\n\t\t\t\t<div class=\"elementor-column elementor-col-50 elementor-top-column elementor-element elementor-element-96f1ecf\" data-id=\"96f1ecf\" data-element_type=\"column\" data-e-type=\"column\">\n\t\t\t<div class=\"elementor-widget-wrap elementor-element-populated\">\n\t\t\t\t\t\t<div class=\"elementor-element elementor-element-c4079d2 elementor-drop-cap-yes elementor-drop-cap-view-default elementor-widget elementor-widget-text-editor\" data-id=\"c4079d2\" data-element_type=\"widget\" data-e-type=\"widget\" data-settings=\"{&quot;drop_cap&quot;:&quot;yes&quot;}\" data-widget_type=\"text-editor.default\">\n\t\t\t\t<div class=\"elementor-widget-container\">\n\t\t\t\t\t\t\t\t\t<p>W naszym O\u015brodku trwa przebudowa obiektu. Ju\u017c nied\u0142ugo na stronie pojawi\u0105 sie pierwsze zdj\u0119cia z kompleksu wypoczynkowego. Do dyspozycji go\u015bci zostanie oddana strefa SPA z jacuzzi, basenem z fal\u0105 i dwoma saunami &#8211; such\u0105 i mokr\u0105. Ju\u017c dzi\u015b mo\u017cna skorzysta\u0107 z groty solnej.<\/p>\t\t\t\t\t\t\t\t<\/div>\n\t\t\t\t<\/div>\n\t\t\t\t\t<\/div>\n\t\t<\/div>\n\t\t\t\t\t<\/div>\n\t\t<\/section>\n\t\t\t\t<section class=\"elementor-section elementor-top-section elementor-element elementor-element-22635e1 elementor-section-boxed elementor-section-height-default elementor-section-height-default\" data-id=\"22635e1\" data-element_type=\"section\" data-e-type=\"section\">\n\t\t\t\t\t\t<div class=\"elementor-container elementor-column-gap-default\">\n\t\t\t\t\t<div class=\"elementor-column elementor-col-100 elementor-top-column elementor-element elementor-element-a2d8b6b\" data-id=\"a2d8b6b\" data-element_type=\"column\" data-e-type=\"column\">\n\t\t\t<div class=\"elementor-widget-wrap\">\n\t\t\t\t\t\t\t<\/div>\n\t\t<\/div>\n\t\t\t\t\t<\/div>\n\t\t<\/section>\n\t\t\t\t<section class=\"elementor-section elementor-top-section elementor-element elementor-element-a4327c0 elementor-section-boxed elementor-section-height-default elementor-section-height-default\" data-id=\"a4327c0\" data-element_type=\"section\" data-e-type=\"section\">\n\t\t\t\t\t\t<div class=\"elementor-container elementor-column-gap-default\">\n\t\t\t\t\t<div class=\"elementor-column elementor-col-50 elementor-top-column elementor-element elementor-element-3d44c00\" data-id=\"3d44c00\" data-element_type=\"column\" data-e-type=\"column\">\n\t\t\t<div class=\"elementor-widget-wrap elementor-element-populated\">\n\t\t\t\t\t\t<div class=\"elementor-element elementor-element-19b7317 elementor-drop-cap-yes elementor-drop-cap-view-default elementor-widget elementor-widget-text-editor\" data-id=\"19b7317\" data-element_type=\"widget\" data-e-type=\"widget\" data-settings=\"{&quot;drop_cap&quot;:&quot;yes&quot;}\" data-widget_type=\"text-editor.default\">\n\t\t\t\t<div class=\"elementor-widget-container\">\n\t\t\t\t\t\t\t\t\t<h1 class=\"entry-title\" itemprop=\"name headline\">UROCZYSTO\u015aCI RODZINNE W NASZYM O\u015aRODKU<\/h1><p>Oferujemy eleganckie przyj\u0119cia dostosowane do preferencji kulinarnych go\u015bci i w r\u00f3\u017cnych standardach cenowych.<\/p><p>O\u015brodek ma przestronn\u0105, s\u0142oneczn\u0105 sal\u0119, kt\u00f3r\u0105 mo\u017cna przystroi\u0107 wed\u0142ug w\u0142asnego pomys\u0142u lub specjalnie na t\u0119 wyj\u0105tkow\u0105 okazj\u0119 przygotujemy eleganck\u0105 dekoracj\u0119 sali. W naszym menu znajdziecie przepyszne potrawy, inspirowane g\u0142\u00f3wnie tradycyjn\u0105 kuchni\u0105 polsk\u0105. Poniewa\u017c O\u015brodek organizuje r\u00f3\u017cnego rodzaju przyj\u0119cia, w swoim jad\u0142ospisie posiadamy zestawy odpowiednie zar\u00f3wno dla najm\u0142odszych, jak i najstarszych cz\u0142onk\u00f3w rodziny.<\/p><p><img decoding=\"async\" src=\"http:\/\/zboiska.pl\/wp-content\/uploads\/2020\/10\/img_20200726_102452-scaled-e1602488092695-800x681.jpg\" alt=\"\" width=\"750\" height=\"638\" class=\"aligncenter wp-image-139 size-vp_md\" srcset=\"https:\/\/zboiska.pl\/wp-content\/uploads\/2020\/10\/img_20200726_102452-scaled-e1602488092695-800x681.jpg 800w, https:\/\/zboiska.pl\/wp-content\/uploads\/2020\/10\/img_20200726_102452-scaled-e1602488092695-300x255.jpg 300w, https:\/\/zboiska.pl\/wp-content\/uploads\/2020\/10\/img_20200726_102452-scaled-e1602488092695-1024x872.jpg 1024w, https:\/\/zboiska.pl\/wp-content\/uploads\/2020\/10\/img_20200726_102452-scaled-e1602488092695-768x654.jpg 768w, https:\/\/zboiska.pl\/wp-content\/uploads\/2020\/10\/img_20200726_102452-scaled-e1602488092695-500x426.jpg 500w, https:\/\/zboiska.pl\/wp-content\/uploads\/2020\/10\/img_20200726_102452-scaled-e1602488092695-1280x1090.jpg 1280w, https:\/\/zboiska.pl\/wp-content\/uploads\/2020\/10\/img_20200726_102452-scaled-e1602488092695-1536x1308.jpg 1536w, https:\/\/zboiska.pl\/wp-content\/uploads\/2020\/10\/img_20200726_102452-scaled-e1602488092695.jpg 1918w\" sizes=\"(max-width: 750px) 100vw, 750px\" \/><\/p>\t\t\t\t\t\t\t\t<\/div>\n\t\t\t\t<\/div>\n\t\t\t\t\t<\/div>\n\t\t<\/div>\n\t\t\t\t<div class=\"elementor-column elementor-col-50 elementor-top-column elementor-element elementor-element-9d61f00\" data-id=\"9d61f00\" data-element_type=\"column\" data-e-type=\"column\">\n\t\t\t<div class=\"elementor-widget-wrap elementor-element-populated\">\n\t\t\t\t\t\t<div class=\"elementor-element elementor-element-24d4f14 elementor-drop-cap-yes elementor-drop-cap-view-default elementor-widget elementor-widget-text-editor\" data-id=\"24d4f14\" data-element_type=\"widget\" data-e-type=\"widget\" data-settings=\"{&quot;drop_cap&quot;:&quot;yes&quot;}\" data-widget_type=\"text-editor.default\">\n\t\t\t\t<div class=\"elementor-widget-container\">\n\t\t\t\t\t\t\t\t\t<h1 class=\"entry-title\" itemprop=\"name headline\">WYPOCZYNEK W BIESZCZADACH<\/h1><p><span><img decoding=\"async\" src=\"http:\/\/zboiska.pl\/wp-content\/uploads\/2020\/10\/bieszczady-1024x682.jpg\" alt=\"\" width=\"750\" height=\"500\" class=\"alignnone wp-image-130 size-large\" srcset=\"https:\/\/zboiska.pl\/wp-content\/uploads\/2020\/10\/bieszczady-1024x682.jpg 1024w, https:\/\/zboiska.pl\/wp-content\/uploads\/2020\/10\/bieszczady-300x200.jpg 300w, https:\/\/zboiska.pl\/wp-content\/uploads\/2020\/10\/bieszczady-768x512.jpg 768w, https:\/\/zboiska.pl\/wp-content\/uploads\/2020\/10\/bieszczady-500x333.jpg 500w, https:\/\/zboiska.pl\/wp-content\/uploads\/2020\/10\/bieszczady-800x533.jpg 800w, https:\/\/zboiska.pl\/wp-content\/uploads\/2020\/10\/bieszczady-360x240.jpg 360w, https:\/\/zboiska.pl\/wp-content\/uploads\/2020\/10\/bieszczady.jpg 1280w\" sizes=\"(max-width: 750px) 100vw, 750px\" \/><\/span><\/p><p><\/p>\t\t\t\t\t\t\t\t<\/div>\n\t\t\t\t<\/div>\n\t\t\t\t<div class=\"elementor-element elementor-element-d97d0cb elementor-drop-cap-yes elementor-drop-cap-view-default elementor-widget elementor-widget-text-editor\" data-id=\"d97d0cb\" data-element_type=\"widget\" data-e-type=\"widget\" data-settings=\"{&quot;drop_cap&quot;:&quot;yes&quot;}\" data-widget_type=\"text-editor.default\">\n\t\t\t\t<div class=\"elementor-widget-container\">\n\t\t\t\t\t\t\t\t\t<p>Bieszczady to jeden z najbardziej dzikich i tajemniczych zak\u0105tk\u00f3w Polski. Ich po\u0142o\u017cenie i bieg historii zadecydowa\u0142y, \u017ce s\u0105 niepowtarzalne niemal pod ka\u017cdym wzgl\u0119dem. Widokowe lasy, \u0142\u0105ki na grzbietach g\u00f3r i\u00a0szerokie doliny, z\u00a0zachowanymi gdzieniegdzie \u0142emkowskimi i bojkowskimi cerkwiami, tworz\u0105 urzekaj\u0105cy krajobraz o ka\u017cdej porze roku. Wyj\u0105tkowa przyroda zachwyca, onie\u015bmiela i przyci\u0105ga zwolennik\u00f3w aktywnego wypoczynku. Je\u015bli zamiast po\u0142onin wybierzemy si\u0119 nad Jezioro Soli\u0144skie lub w okolice \u201eTr\u00f3jmiasta bieszczadzkiego\u201d, \u00a0to warto wiedzie\u0107, co mo\u017cna w tych okolicach zobaczy\u0107.<\/p>\t\t\t\t\t\t\t\t<\/div>\n\t\t\t\t<\/div>\n\t\t\t\t\t<\/div>\n\t\t<\/div>\n\t\t\t\t\t<\/div>\n\t\t<\/section>\n\t\t\t\t<section class=\"elementor-section elementor-top-section elementor-element elementor-element-124b35d elementor-section-boxed elementor-section-height-default elementor-section-height-default\" data-id=\"124b35d\" data-element_type=\"section\" data-e-type=\"section\">\n\t\t\t\t\t\t<div class=\"elementor-container elementor-column-gap-default\">\n\t\t\t\t\t<div class=\"elementor-column elementor-col-100 elementor-top-column elementor-element elementor-element-996f2dc\" data-id=\"996f2dc\" data-element_type=\"column\" data-e-type=\"column\">\n\t\t\t<div class=\"elementor-widget-wrap elementor-element-populated\">\n\t\t\t\t\t\t<div class=\"elementor-element elementor-element-597471a elementor-widget elementor-widget-text-editor\" data-id=\"597471a\" data-element_type=\"widget\" data-e-type=\"widget\" data-widget_type=\"text-editor.default\">\n\t\t\t\t<div class=\"elementor-widget-container\">\n\t\t\t\t\t\t\t\t\t<p>Zaprzyja\u017anione strony<\/p><p><span>\n\t\t<style>\n\t\t\t#wpls-logo-showcase-slider-1 .wpls-fix-box,\n\t\t\t#wpls-logo-showcase-slider-1 .wpls-fix-box img.wp-post-image{max-height:250px; }\n\t\t<\/style>\n\n\t\t<div class=\"wpls-wrap wpls-logo-showcase-slider-wrp wpls-logo-clearfix wpls-design-1 \" data-conf=\"{&quot;slides_column&quot;:4,&quot;slides_scroll&quot;:1,&quot;dots&quot;:&quot;true&quot;,&quot;arrows&quot;:&quot;true&quot;,&quot;autoplay&quot;:&quot;true&quot;,&quot;autoplay_interval&quot;:3000,&quot;loop&quot;:&quot;true&quot;,&quot;rtl&quot;:&quot;false&quot;,&quot;speed&quot;:800,&quot;center_mode&quot;:&quot;false&quot;,&quot;lazyload&quot;:&quot;&quot;}\">\n\t\t\t<div class=\"wpls-logo-showcase logo_showcase wpls-logo-slider  sliderimage_hide_border \" id=\"wpls-logo-showcase-slider-1\" >\n\t\t\t\t<div class=\"wpls-logo-cnt\">\n\t<div class=\"wpls-fix-box\">\n\t\t\t\t<a href=\"https:\/\/przemysl.caritas.pl\" target=\"_self\">\n\t\t\t<img decoding=\"async\" class=\"wp-post-image\"  src=\"https:\/\/zboiska.pl\/wp-content\/uploads\/2020\/10\/cropped-logo-caritas-napis-duze-nowe-1.png\" alt=\"\" \/>\n\t\t<\/a>\n\t\t\t<\/div>\n\t<\/div><div class=\"wpls-logo-cnt\">\n\t<div class=\"wpls-fix-box\">\n\t\t\t\t<a href=\"https:\/\/przemsyka.pl\" target=\"_self\">\n\t\t\t<img decoding=\"async\" class=\"wp-post-image\"  src=\"https:\/\/zboiska.pl\/wp-content\/uploads\/2020\/10\/unnamed-1.png\" alt=\"\" \/>\n\t\t<\/a>\n\t\t\t<\/div>\n\t<\/div><div class=\"wpls-logo-cnt\">\n\t<div class=\"wpls-fix-box\">\n\t\t\t\t<a href=\"https:\/\/radiofara.pl\" target=\"_self\">\n\t\t\t<img decoding=\"async\" class=\"wp-post-image\"  src=\"https:\/\/zboiska.pl\/wp-content\/uploads\/2020\/10\/pobrane.png\" alt=\"\" \/>\n\t\t<\/a>\n\t\t\t<\/div>\n\t<\/div><div class=\"wpls-logo-cnt\">\n\t<div class=\"wpls-fix-box\">\n\t\t\t\t<a href=\"https:\/oaza.przemsyka.pl\" target=\"_self\">\n\t\t\t<img decoding=\"async\" class=\"wp-post-image\"  src=\"https:\/\/zboiska.pl\/wp-content\/uploads\/2020\/10\/foska-przemyska-www-2018-1.png\" alt=\"\" \/>\n\t\t<\/a>\n\t\t\t<\/div>\n\t<\/div><div class=\"wpls-logo-cnt\">\n\t<div class=\"wpls-fix-box\">\n\t\t\t\t<a href=\"https:\/\/ram.przemyska.pl\" target=\"_self\">\n\t\t\t<img decoding=\"async\" class=\"wp-post-image\"  src=\"https:\/\/zboiska.pl\/wp-content\/uploads\/2020\/10\/Header_RAM_nowy.png\" alt=\"\" \/>\n\t\t<\/a>\n\t\t\t<\/div>\n\t<\/div><div class=\"wpls-logo-cnt\">\n\t<div class=\"wpls-fix-box\">\n\t\t\t\t<a href=\"https:\/\/mlodziez.przemyska.pl\" target=\"_self\">\n\t\t\t<img decoding=\"async\" class=\"wp-post-image\"  src=\"https:\/\/zboiska.pl\/wp-content\/uploads\/2020\/10\/logo_map_04_st.png\" alt=\"\" \/>\n\t\t<\/a>\n\t\t\t<\/div>\n\t<\/div><div class=\"wpls-logo-cnt\">\n\t<div class=\"wpls-fix-box\">\n\t\t\t\t<a href=\"https:\/\/mlodziez.przemyska.pl\" target=\"_self\">\n\t\t\t<img decoding=\"async\" class=\"wp-post-image\"  src=\"https:\/\/zboiska.pl\/wp-content\/uploads\/2020\/10\/ksm_logo_nowe.png\" alt=\"\" \/>\n\t\t<\/a>\n\t\t\t<\/div>\n\t<\/div>\t\t\t<\/div>\n\t\t<\/div>\n\n\t\t<\/span><\/p>\t\t\t\t\t\t\t\t<\/div>\n\t\t\t\t<\/div>\n\t\t\t\t\t<\/div>\n\t\t<\/div>\n\t\t\t\t\t<\/div>\n\t\t<\/section>\n\t\t\t\t<\/div>\n\t\t","protected":false},"excerpt":{"rendered":"<p>Caritas Archidiecezji Przemyskiej zaprasza\u00a0Nr konta O\u015brodka w Zboiskach: 77 1600 1332 1847 4932 3000 0006 +16 &deg; C Max.:+17 Min.:+7 Czw Pt So Nie ZAPRASZAMY DO ZBOISK Domowa atmosfera, \u017cyczliwa obs\u0142ug, wygodne pokoje z widokiem na przyrod\u0119 umo\u017cliwiaj\u0105 komfortowy wypoczynek o ka\u017cdej porze roku. Dla naszych Go\u015bci stworzyli\u015bmy dogodne warunki [&hellip;]<\/p>\n","protected":false},"author":1,"featured_media":0,"parent":0,"menu_order":0,"comment_status":"closed","ping_status":"closed","template":"","meta":{"__cvm_playback_settings":[],"__cvm_video_id":"","_vp_format_video_url":"","_vp_image_focal_point":[],"footnotes":""},"class_list":["post-6","page","type-page","status-publish","hentry"],"_links":{"self":[{"href":"https:\/\/zboiska.pl\/index.php?rest_route=\/wp\/v2\/pages\/6","targetHints":{"allow":["GET"]}}],"collection":[{"href":"https:\/\/zboiska.pl\/index.php?rest_route=\/wp\/v2\/pages"}],"about":[{"href":"https:\/\/zboiska.pl\/index.php?rest_route=\/wp\/v2\/types\/page"}],"author":[{"embeddable":true,"href":"https:\/\/zboiska.pl\/index.php?rest_route=\/wp\/v2\/users\/1"}],"replies":[{"embeddable":true,"href":"https:\/\/zboiska.pl\/index.php?rest_route=%2Fwp%2Fv2%2Fcomments&post=6"}],"version-history":[{"count":74,"href":"https:\/\/zboiska.pl\/index.php?rest_route=\/wp\/v2\/pages\/6\/revisions"}],"predecessor-version":[{"id":339,"href":"https:\/\/zboiska.pl\/index.php?rest_route=\/wp\/v2\/pages\/6\/revisions\/339"}],"wp:attachment":[{"href":"https:\/\/zboiska.pl\/index.php?rest_route=%2Fwp%2Fv2%2Fmedia&parent=6"}],"curies":[{"name":"wp","href":"https:\/\/api.w.org\/{rel}","templated":true}]}}