{"id":42,"date":"2020-10-03T13:24:12","date_gmt":"2020-10-03T13:24:12","guid":{"rendered":"http:\/\/zboiska.pl\/?page_id=42"},"modified":"2025-07-22T12:21:19","modified_gmt":"2025-07-22T12:21:19","slug":"oferta","status":"publish","type":"page","link":"https:\/\/zboiska.pl\/?page_id=42","title":{"rendered":"Oferta"},"content":{"rendered":"\t\t<div data-elementor-type=\"wp-page\" data-elementor-id=\"42\" class=\"elementor elementor-42\">\n\t\t\t\t\t\t<section class=\"elementor-section elementor-top-section elementor-element elementor-element-4c5cb1a elementor-section-boxed elementor-section-height-default elementor-section-height-default\" data-id=\"4c5cb1a\" data-element_type=\"section\" data-e-type=\"section\">\n\t\t\t\t\t\t<div class=\"elementor-container elementor-column-gap-default\">\n\t\t\t\t\t<div class=\"elementor-column elementor-col-100 elementor-top-column elementor-element elementor-element-92f020b\" data-id=\"92f020b\" data-element_type=\"column\" data-e-type=\"column\">\n\t\t\t<div class=\"elementor-widget-wrap elementor-element-populated\">\n\t\t\t\t\t\t<section class=\"elementor-section elementor-inner-section elementor-element elementor-element-d60ebc1 elementor-section-boxed elementor-section-height-default elementor-section-height-default\" data-id=\"d60ebc1\" data-element_type=\"section\" data-e-type=\"section\">\n\t\t\t\t\t\t<div class=\"elementor-container elementor-column-gap-default\">\n\t\t\t\t\t<div class=\"elementor-column elementor-col-50 elementor-inner-column elementor-element elementor-element-66f5144\" data-id=\"66f5144\" data-element_type=\"column\" data-e-type=\"column\">\n\t\t\t<div class=\"elementor-widget-wrap elementor-element-populated\">\n\t\t\t\t\t\t<div class=\"elementor-element elementor-element-c791fe0 elementor-widget elementor-widget-text-editor\" data-id=\"c791fe0\" data-element_type=\"widget\" data-e-type=\"widget\" data-widget_type=\"text-editor.default\">\n\t\t\t\t<div class=\"elementor-widget-container\">\n\t\t\t\t\t\t\t\t\t<p>Oferujemy r\u00f3\u017cne warianty miejsc noclegowych. Posiadamy pokoje w podwy\u017cszonym standardzie, a nasz\u0105 ofert\u0119 bez trudu dopasujemy do oczekiwa\u0144 go\u015bci. Jeste\u015bmy doskonale przygotowani na przyjmowanie wi\u0119kszych grup, a tak\u017ce na organizacj\u0119 imprez okoliczno\u015bciowych.<\/p><p>Ceny pobyt\u00f3w w naszym o\u015brodku zaczynaj\u0105 si\u0119 od 60 z\u0142 od osoby za dob\u0119, w zale\u017cno\u015bci od sezonu i wy\u017cywienia.<\/p><p>Istnieje mo\u017cliwo\u015b\u0107 negocjacji cen dla grup zorganizowanych oraz przy d\u0142u\u017cszych pobytach.<\/p><p>Proponujemy zni\u017cki dla dzieci i sta\u0142ych klient\u00f3w.<\/p><p>Oferujemy posezonowe rabaty.<\/p><p>W przypadku d\u0142u\u017cszych pobyt\u00f3w, imprez grupowych i integracyjnych, rekolekcji i pobyt\u00f3w grupowych ceny do ustalenia z Dyrektorem O\u015brodka.<\/p><p>Gwarantujemy tradycyjn\u0105 polsk\u0105 go\u015bcinno\u015b\u0107 i odpoczynek w jednym z pi\u0119kniejszych region\u00f3w Polski.<\/p><p>Domowa atmosfera, \u017cyczliwa obs\u0142uga, wygodne pokoje z widokiem na przyrod\u0119 umo\u017cliwiaj\u0105 wspania\u0142y wypoczynek o ka\u017cdej porze roku. Dla naszych Go\u015bci stworzyli\u015bmy wspania\u0142e warunki do wypoczynku, aby odrywaj\u0105c si\u0119 od codziennych obowi\u0105zk\u00f3w mieli mo\u017cliwo\u015b\u0107 wypocz\u0105\u0107 w pi\u0119knym otoczeniu, z dala od miejskiego gwaru.<\/p><p>Oferujemy ponad 100 miejsc noclegowych w spokojnym zak\u0105tku Zboisk.<\/p><p>Pokoje s\u0105 przytulne i wygodne, wyposa\u017cone w pe\u0142ny w\u0119ze\u0142 sanitarny oraz Wi-Fi.<\/p><p><strong>\u00a0<\/strong><strong>DO DYSPOZYCJI NASZYCH GO\u015aCI POSIADAMY:<\/strong><\/p><ul><li>pokoje 2-osobowe oraz pokoje rodzinne<\/li><li>komfortowe i funkcjonalne \u0142azienki w ka\u017cdym pokoju<\/li><\/ul><p><strong>POKOJE WYPOSA\u017bONE S\u0104 W:<\/strong><\/p><ul><li>lod\u00f3wki<\/li><li>telewizory<\/li><li>\u0142\u00f3\u017cka pojedyncze<\/li><li>szafy<\/li><li>szafki nocne<\/li><li>komfortowe i funkcjonalne \u0142azienki z prysznicem<\/li><li>bezp\u0142atny dost\u0119p do Wi-Fi<\/li><\/ul><div class=\"hrule clearfix\"><\/div><p><strong>DO DYSPOZYCJI GO\u015aCI NA TERENIE OBIEKTU ZNAJDUJ\u0104 SI\u0118:<\/strong><\/p><ul><li>boisko do pi\u0142ki no\u017cnej<\/li><li>mini amfiteatr \u2013 tutaj Go\u015bcie mog\u0105 sp\u0119dzi\u0107 niezapomniane wieczory przy ognisku<\/li><li>rowery elektryczne<\/li><li>krzese\u0142ko do karmienia ma\u0142ych dzieci<\/li><li>pralnia, \u017celazko, deska do prasowania, suszarka na bielizn\u0119<\/li><li>bezp\u0142atny dost\u0119p do sieci WiFi<\/li><li>wiata grilowa<\/li><li>parking samochodowy<\/li><li>grota solna (za dodatkow\u0105 op\u0142at\u0105)<\/li><li>t\u0119\u017cnia solankowa<\/li><li>strefa wypoczynku SPA (za dodatkow\u0105 op\u0142at\u0105)<\/li><\/ul><p><strong>ZAPEWNIAMY:<\/strong><\/p><p><strong>Bufety kawowe:<\/strong><\/p><ul><li>w wersji standardowej lub \u015bniadaniowej<\/li><\/ul><p><strong>\u015aniadania:<\/strong><\/p><ul><li>w wersji podstawowej lub w formie bufetu<\/li><\/ul><p><strong>Obiady:<\/strong><\/p><ul><li>oparte na kuchni tradycyjnej<\/li><\/ul><p><strong>Kolacje:<\/strong><\/p><ul><li>od wersji podstawowej do uroczystej<\/li><\/ul><p><strong>\u00a0<\/strong>O\u015brodek prowadzi dzia\u0142alno\u015b\u0107 przez ca\u0142y rok.<\/p><p>Zapraszamy rodziny i grupy przyjaci\u00f3\u0142 w nasze\u00a0go\u015bcinne progi, oferuj\u0105c niezale\u017cne pokoje, dostosowane do Waszych potrzeb. S\u0142u\u017cymy pomoc\u0105 w planowaniu pobytu oraz zwiedzaniu regionu.<\/p><p>W okolicy znajd\u0105 tu co\u015b dla siebie zar\u00f3wno zwolennicy zabytk\u00f3w historycznych i kultury, w\u0119dr\u00f3wek turystycznych jak i\u00a0sport\u00f3w ekstremalnych. Jednak\u017ce ju\u017c sam pobyt w O\u015brodku ma ogromne znaczenie dla regeneracji na \u0142onie urokliwej bieszczadzkiej natury.<\/p>\t\t\t\t\t\t\t\t<\/div>\n\t\t\t\t<\/div>\n\t\t\t\t\t<\/div>\n\t\t<\/div>\n\t\t\t\t<div class=\"elementor-column elementor-col-50 elementor-inner-column elementor-element elementor-element-a787762\" data-id=\"a787762\" data-element_type=\"column\" data-e-type=\"column\">\n\t\t\t<div class=\"elementor-widget-wrap elementor-element-populated\">\n\t\t\t\t\t\t<div class=\"elementor-element elementor-element-c8ca3b5 elementor-widget elementor-widget-text-editor\" data-id=\"c8ca3b5\" data-element_type=\"widget\" data-e-type=\"widget\" data-widget_type=\"text-editor.default\">\n\t\t\t\t<div class=\"elementor-widget-container\">\n\t\t\t\t\t\t\t\t\t<p><strong>POBYT GRUP ZORGANIZOWANYCH<\/strong><br \/>kolonie<br \/>zielone szko\u0142y<br \/>ferie<br \/>zimowiska<br \/>wieczory tematyczne<br \/>warsztaty<br \/>imprezy integracyjne<br \/>rekolekcje<br \/>pobyt grup parafialnych<\/p><p><strong>IMPREZY OKOLICZNO\u015aCIOWE I RODZINNE<\/strong><br \/>urodziny<br \/>chrzciny<br \/>komunie<br \/>jubileusze<br \/>spotkania nauczycielskie<br \/>zjazdy klasowe<br \/>uroczysto\u015bci rodzinne<br \/>kolacje okoliczno\u015bciowe<\/p><p><strong>KAMERALNE SPOTKANIA BIZNESOWE I FIRMOWE<\/strong><br \/>szkolenia<br \/>konferencje<br \/>eventy<br \/>bankiety<br \/>przyj\u0119cia<\/p><p><strong>POBYT GO\u015aCI INDYWIDUALNYCH<\/strong><\/p>\t\t\t\t\t\t\t\t<\/div>\n\t\t\t\t<\/div>\n\t\t\t\t\t<\/div>\n\t\t<\/div>\n\t\t\t\t\t<\/div>\n\t\t<\/section>\n\t\t\t\t\t<\/div>\n\t\t<\/div>\n\t\t\t\t\t<\/div>\n\t\t<\/section>\n\t\t\t\t<\/div>\n\t\t","protected":false},"excerpt":{"rendered":"<p>Oferujemy r\u00f3\u017cne warianty miejsc noclegowych. Posiadamy pokoje w podwy\u017cszonym standardzie, a nasz\u0105 ofert\u0119 bez trudu dopasujemy do oczekiwa\u0144 go\u015bci. Jeste\u015bmy doskonale przygotowani na przyjmowanie wi\u0119kszych grup, a tak\u017ce na organizacj\u0119 imprez okoliczno\u015bciowych. Ceny pobyt\u00f3w w naszym o\u015brodku zaczynaj\u0105 si\u0119 od 60 z\u0142 od osoby za dob\u0119, w zale\u017cno\u015bci od sezonu [&hellip;]<\/p>\n","protected":false},"author":1,"featured_media":199,"parent":0,"menu_order":0,"comment_status":"closed","ping_status":"closed","template":"","meta":{"__cvm_playback_settings":[],"__cvm_video_id":"","_vp_format_video_url":"","_vp_image_focal_point":[],"footnotes":""},"class_list":["post-42","page","type-page","status-publish","has-post-thumbnail","hentry"],"_links":{"self":[{"href":"https:\/\/zboiska.pl\/index.php?rest_route=\/wp\/v2\/pages\/42","targetHints":{"allow":["GET"]}}],"collection":[{"href":"https:\/\/zboiska.pl\/index.php?rest_route=\/wp\/v2\/pages"}],"about":[{"href":"https:\/\/zboiska.pl\/index.php?rest_route=\/wp\/v2\/types\/page"}],"author":[{"embeddable":true,"href":"https:\/\/zboiska.pl\/index.php?rest_route=\/wp\/v2\/users\/1"}],"replies":[{"embeddable":true,"href":"https:\/\/zboiska.pl\/index.php?rest_route=%2Fwp%2Fv2%2Fcomments&post=42"}],"version-history":[{"count":7,"href":"https:\/\/zboiska.pl\/index.php?rest_route=\/wp\/v2\/pages\/42\/revisions"}],"predecessor-version":[{"id":345,"href":"https:\/\/zboiska.pl\/index.php?rest_route=\/wp\/v2\/pages\/42\/revisions\/345"}],"wp:featuredmedia":[{"embeddable":true,"href":"https:\/\/zboiska.pl\/index.php?rest_route=\/wp\/v2\/media\/199"}],"wp:attachment":[{"href":"https:\/\/zboiska.pl\/index.php?rest_route=%2Fwp%2Fv2%2Fmedia&parent=42"}],"curies":[{"name":"wp","href":"https:\/\/api.w.org\/{rel}","templated":true}]}}