{"id":141,"date":"2020-10-11T13:00:34","date_gmt":"2020-10-11T13:00:34","guid":{"rendered":"http:\/\/zboiska.pl\/?page_id=141"},"modified":"2022-11-25T12:37:00","modified_gmt":"2022-11-25T12:37:00","slug":"planowane-inwestycje-w-osrodku","status":"publish","type":"page","link":"https:\/\/zboiska.pl\/?page_id=141","title":{"rendered":"Planowane inwestycje w O\u015brodku"},"content":{"rendered":"\t\t<div data-elementor-type=\"wp-page\" data-elementor-id=\"141\" class=\"elementor elementor-141\">\n\t\t\t\t\t\t<section class=\"elementor-section elementor-top-section elementor-element elementor-element-31e6b7d elementor-section-boxed elementor-section-height-default elementor-section-height-default\" data-id=\"31e6b7d\" data-element_type=\"section\" data-e-type=\"section\">\n\t\t\t\t\t\t<div class=\"elementor-container elementor-column-gap-default\">\n\t\t\t\t\t<div class=\"elementor-column elementor-col-100 elementor-top-column elementor-element elementor-element-186c6c1\" data-id=\"186c6c1\" data-element_type=\"column\" data-e-type=\"column\">\n\t\t\t<div class=\"elementor-widget-wrap elementor-element-populated\">\n\t\t\t\t\t\t<div class=\"elementor-element elementor-element-cf3df5c elementor-widget elementor-widget-image\" data-id=\"cf3df5c\" data-element_type=\"widget\" data-e-type=\"widget\" data-widget_type=\"image.default\">\n\t\t\t\t<div class=\"elementor-widget-container\">\n\t\t\t\t\t\t\t\t\t\t\t\t\t\t\t<img fetchpriority=\"high\" decoding=\"async\" width=\"750\" height=\"375\" src=\"https:\/\/zboiska.pl\/wp-content\/uploads\/2020\/09\/DJI_0385-1024x512.jpg\" class=\"attachment-large size-large wp-image-23\" alt=\"\" srcset=\"https:\/\/zboiska.pl\/wp-content\/uploads\/2020\/09\/DJI_0385-1024x512.jpg 1024w, https:\/\/zboiska.pl\/wp-content\/uploads\/2020\/09\/DJI_0385-300x150.jpg 300w, https:\/\/zboiska.pl\/wp-content\/uploads\/2020\/09\/DJI_0385-768x384.jpg 768w, https:\/\/zboiska.pl\/wp-content\/uploads\/2020\/09\/DJI_0385-1536x768.jpg 1536w, https:\/\/zboiska.pl\/wp-content\/uploads\/2020\/09\/DJI_0385-2048x1024.jpg 2048w\" sizes=\"(max-width: 750px) 100vw, 750px\" \/>\t\t\t\t\t\t\t\t\t\t\t\t\t\t\t<\/div>\n\t\t\t\t<\/div>\n\t\t\t\t\t<\/div>\n\t\t<\/div>\n\t\t\t\t\t<\/div>\n\t\t<\/section>\n\t\t\t\t<section class=\"elementor-section elementor-top-section elementor-element elementor-element-87ff11b elementor-section-boxed elementor-section-height-default elementor-section-height-default\" data-id=\"87ff11b\" data-element_type=\"section\" data-e-type=\"section\">\n\t\t\t\t\t\t<div class=\"elementor-container elementor-column-gap-default\">\n\t\t\t\t\t<div class=\"elementor-column elementor-col-100 elementor-top-column elementor-element elementor-element-8e6e63e\" data-id=\"8e6e63e\" data-element_type=\"column\" data-e-type=\"column\">\n\t\t\t<div class=\"elementor-widget-wrap elementor-element-populated\">\n\t\t\t\t\t\t<div class=\"elementor-element elementor-element-a9e37fb elementor-widget elementor-widget-text-editor\" data-id=\"a9e37fb\" data-element_type=\"widget\" data-e-type=\"widget\" data-widget_type=\"text-editor.default\">\n\t\t\t\t<div class=\"elementor-widget-container\">\n\t\t\t\t\t\t\t\t\t<p><strong>Drodzy Przyjaciele Naszego Domu.<\/strong><br \/>Nadal trwa zbi\u00f3rka na cel jakim jest utwardzenie i wylanie asfaltu na naszym parkingu.<\/p><p>Datki mo\u017cna wysy\u0142a\u0107 na nr konta:<\/p><p><strong>77 1600 1332 1847 4932 3000 0006<\/strong> <br \/>Caritas Archidiecezji Przemyskiej, z dopiskiem: PARKING ZBOISKA<br \/>Bank: BNP PARIBAS BANK POLSKA S.A.<\/p><p><strong>Dzi\u0119kujemy tym wszystkim kt\u00f3rzy wsparli nasz O\u015brodek przy budowie ogrodzenia.<\/strong><\/p>\t\t\t\t\t\t\t\t<\/div>\n\t\t\t\t<\/div>\n\t\t\t\t\t<\/div>\n\t\t<\/div>\n\t\t\t\t\t<\/div>\n\t\t<\/section>\n\t\t\t\t<\/div>\n\t\t","protected":false},"excerpt":{"rendered":"<p>Drodzy Przyjaciele Naszego Domu.Nadal trwa zbi\u00f3rka na cel jakim jest utwardzenie i wylanie asfaltu na naszym parkingu. Datki mo\u017cna wysy\u0142a\u0107 na nr konta: 77 1600 1332 1847 4932 3000 0006 Caritas Archidiecezji Przemyskiej, z dopiskiem: PARKING ZBOISKABank: BNP PARIBAS BANK POLSKA S.A. Dzi\u0119kujemy tym wszystkim kt\u00f3rzy wsparli nasz O\u015brodek przy [&hellip;]<\/p>\n","protected":false},"author":1,"featured_media":0,"parent":0,"menu_order":0,"comment_status":"closed","ping_status":"closed","template":"","meta":{"__cvm_playback_settings":[],"__cvm_video_id":"","_vp_format_video_url":"","_vp_image_focal_point":[],"footnotes":""},"class_list":["post-141","page","type-page","status-publish","hentry"],"_links":{"self":[{"href":"https:\/\/zboiska.pl\/index.php?rest_route=\/wp\/v2\/pages\/141","targetHints":{"allow":["GET"]}}],"collection":[{"href":"https:\/\/zboiska.pl\/index.php?rest_route=\/wp\/v2\/pages"}],"about":[{"href":"https:\/\/zboiska.pl\/index.php?rest_route=\/wp\/v2\/types\/page"}],"author":[{"embeddable":true,"href":"https:\/\/zboiska.pl\/index.php?rest_route=\/wp\/v2\/users\/1"}],"replies":[{"embeddable":true,"href":"https:\/\/zboiska.pl\/index.php?rest_route=%2Fwp%2Fv2%2Fcomments&post=141"}],"version-history":[{"count":8,"href":"https:\/\/zboiska.pl\/index.php?rest_route=\/wp\/v2\/pages\/141\/revisions"}],"predecessor-version":[{"id":309,"href":"https:\/\/zboiska.pl\/index.php?rest_route=\/wp\/v2\/pages\/141\/revisions\/309"}],"wp:attachment":[{"href":"https:\/\/zboiska.pl\/index.php?rest_route=%2Fwp%2Fv2%2Fmedia&parent=141"}],"curies":[{"name":"wp","href":"https:\/\/api.w.org\/{rel}","templated":true}]}}